{"id":60639,"date":"2026-03-15T20:35:50","date_gmt":"2026-03-15T20:35:50","guid":{"rendered":"https:\/\/posealab.com\/?page_id=60639"},"modified":"2026-03-16T10:35:42","modified_gmt":"2026-03-16T10:35:42","slug":"commander-un-tirage","status":"publish","type":"page","link":"https:\/\/posealab.com\/index.php\/commander-un-tirage\/","title":{"rendered":"Commander un tirage"},"content":{"rendered":"\n<p>Chaque photographie est disponible en tirage Fine Art, r\u00e9alis\u00e9 \u00e0 la commande \u00e0 partir du fichier original.<\/p>\n\n\n\n<p>Les impressions sont r\u00e9alis\u00e9es en haute qualit\u00e9 sur papier photographique original Hahnem\u00fchle \u00e0 l\u2019aide d\u2019encres pigmentaires EPSON. Ce proc\u00e9d\u00e9 d\u2019impression permet d\u2019obtenir une restitution pr\u00e9cise des d\u00e9tails, des contrastes et des nuances de l\u2019image, tout en assurant une stabilit\u00e9 des couleurs et une bonne tenue dans le temps.<\/p>\n\n\n\n<p>Les tirages peuvent \u00eatre livr\u00e9s seuls, sign\u00e9s au verso, ou accompagn\u00e9s d\u2019un certificat si la s\u00e9rie est limit\u00e9e.<\/p>\n\n\n\n<div style=\"height:54px\" aria-hidden=\"true\" class=\"wp-block-spacer\"><\/div>\n\n\n\n<h2 class=\"wp-block-heading\">Formats disponibles<\/h2>\n\n\n\n<ul class=\"wp-block-list\">\n<li>A4 \u2014 21 \u00d7 29,7 cm<\/li>\n\n\n\n<li>A3 \u2014 29,7 \u00d7 42 cm<\/li>\n\n\n\n<li>A3+ \u2014 32,9 \u00d7 48,3 cm<\/li>\n\n\n\n<li>A2 \u2014 42 \u00d7 59,4 cm<\/li>\n\n\n\n<li>Autres formats possibles sur demande<\/li>\n<\/ul>\n\n\n\n<h2 class=\"wp-block-heading\">Papier photographique Hahnem\u00fchle<\/h2>\n\n\n\n<ul class=\"wp-block-list\">\n<li>FineArt Baryta Satin 300g<\/li>\n\n\n\n<li>FineArt Pearl 285g<\/li>\n\n\n\n<li>Rag Pearl 320g<\/li>\n\n\n\n<li>Rag Satin 310g<\/li>\n<\/ul>\n\n\n\n<h2 class=\"wp-block-heading\">Tarifs indicatifs<\/h2>\n\n\n\n<p>A4 \u2014 35 \u00e0 70 \u20ac<br>A3 \u2014 80 \u00e0 120\u20ac<br>A3+ \u2014 90 \u00e0 150 \u20ac<br>A2 \u2014 150 \u00e0 280 \u20ac<\/p>\n\n\n\n<p>Les prix peuvent varier selon le type de papier choisi, la pr\u00e9sence ou non d\u2019une signature, la nature du tirage (ouvert ou en \u00e9dition limit\u00e9e), ainsi que selon les modalit\u00e9s d\u2019exp\u00e9dition.<\/p>\n\n\n\n<h2 class=\"wp-block-heading\">D\u00e9lais<\/h2>\n\n\n\n<p>Les tirages sont r\u00e9alis\u00e9s \u00e0 la commande.<br>Le d\u00e9lai de production est g\u00e9n\u00e9ralement de 5 \u00e0 10 jours.<\/p>\n\n\n\n<div style=\"height:53px\" aria-hidden=\"true\" class=\"wp-block-spacer\"><\/div>\n\n\n\n<h2 class=\"wp-block-heading\">Formulaire de commande<\/h2>\n\n\n\n<p>Si vous souhaitez commander un tirage, merci de renseigner les champs ci-dessous en indiquant la r\u00e9f\u00e9rence de la photo, le format d\u00e9sir\u00e9 ainsi que l\u2019option choisie : avec ou sans signature.<\/p>\n\n\n<div class=\"wp-block-jetpack-contact-form is-vertical is-content-justification-left is-nowrap is-layout-flex wp-container-jetpack-contact-form-is-layout-b13c9bd3 wp-block-jetpack-contact-form-is-layout-flex\"><a href=\"https:\/\/posealab.com\/index.php\/commander-un-tirage\/\" target=\"_blank\" rel=\"noopener noreferrer\">Soumettre un formulaire.<\/a><\/div>\n\n\n<div style=\"height:100px\" aria-hidden=\"true\" class=\"wp-block-spacer\"><\/div>\n\n\n\n<h2 class=\"wp-block-heading\">Confirmation<\/h2>\n\n\n\n<p>Toutes les demandes seront trait\u00e9es individuellement, nous vous r\u00e9pondrons dans les plus brefs d\u00e9lais avec le r\u00e9capitulatif de votre commande, le montant total et les modalit\u00e9s de paiement.<\/p>\n\n\n\n<div style=\"height:100px\" aria-hidden=\"true\" class=\"wp-block-spacer\"><\/div>\n","protected":false},"excerpt":{"rendered":"<p>Chaque photographie est disponible en tirage Fine Art, r\u00e9alis\u00e9 \u00e0 la commande \u00e0 partir du fichier original. Les impressions sont r\u00e9alis\u00e9es en haute qualit\u00e9 sur papier photographique original Hahnem\u00fchle \u00e0 l\u2019aide d\u2019encres pigmentaires EPSON. Ce proc\u00e9d\u00e9 d\u2019impression permet d\u2019obtenir une restitution pr\u00e9cise des d\u00e9tails, des contrastes et des nuances de l\u2019image, tout en assurant une [&hellip;]<\/p>\n","protected":false},"author":1,"featured_media":0,"parent":0,"menu_order":0,"comment_status":"closed","ping_status":"closed","template":"","meta":{"_et_pb_use_builder":"off","_et_pb_old_content":"<!-- wp:paragraph -->\n<p>Chaque photographie est disponible en tirage Fine Art, r\u00e9alis\u00e9 \u00e0 la commande \u00e0 partir du fichier original.<\/p>\n<!-- \/wp:paragraph -->\n\n<!-- wp:paragraph -->\n<p>Les impressions sont r\u00e9alis\u00e9es en haute qualit\u00e9 sur papier photographique original Hahnem\u00fchle \u00e0 l\u2019aide d\u2019encres pigmentaires EPSON. Ce proc\u00e9d\u00e9 d\u2019impression permet d\u2019obtenir une restitution pr\u00e9cise des d\u00e9tails, des contrastes et des nuances de l\u2019image, tout en assurant une stabilit\u00e9 des couleurs et une bonne tenue dans le temps.<\/p>\n<!-- \/wp:paragraph -->\n\n<!-- wp:paragraph -->\n<p>Les tirages peuvent \u00eatre livr\u00e9s seuls, sign\u00e9s au verso, ou accompagn\u00e9s d\u2019un certificat si la s\u00e9rie est limit\u00e9e.<\/p>\n<!-- \/wp:paragraph -->\n\n<!-- wp:spacer {\"height\":\"54px\"} -->\n<div style=\"height:54px\" aria-hidden=\"true\" class=\"wp-block-spacer\"><\/div>\n<!-- \/wp:spacer -->\n\n<!-- wp:heading -->\n<h2 class=\"wp-block-heading\">Formats disponibles<\/h2>\n<!-- \/wp:heading -->\n\n<!-- wp:list -->\n<ul class=\"wp-block-list\"><!-- wp:list-item -->\n<li>A4 \u2014 21 \u00d7 29,7 cm<\/li>\n<!-- \/wp:list-item -->\n\n<!-- wp:list-item -->\n<li>A3 \u2014 29,7 \u00d7 42 cm<\/li>\n<!-- \/wp:list-item -->\n\n<!-- wp:list-item -->\n<li>A3+ \u2014 32,9 \u00d7 48,3 cm<\/li>\n<!-- \/wp:list-item -->\n\n<!-- wp:list-item -->\n<li>A2 \u2014 42 \u00d7 59,4 cm<\/li>\n<!-- \/wp:list-item --><\/ul>\n<!-- \/wp:list -->\n\n<!-- wp:heading -->\n<h2 class=\"wp-block-heading\">Papier photographique Hahnem\u00fchle<\/h2>\n<!-- \/wp:heading -->\n\n<!-- wp:list -->\n<ul class=\"wp-block-list\"><!-- wp:list-item -->\n<li>FineArt Baryta Satin 300g<\/li>\n<!-- \/wp:list-item -->\n\n<!-- wp:list-item -->\n<li>FineArt Pearl 285g<\/li>\n<!-- \/wp:list-item -->\n\n<!-- wp:list-item -->\n<li>Rag Pearl 320g<\/li>\n<!-- \/wp:list-item -->\n\n<!-- wp:list-item -->\n<li>Rag Satin 310g<\/li>\n<!-- \/wp:list-item --><\/ul>\n<!-- \/wp:list -->\n\n<!-- wp:heading -->\n<h2 class=\"wp-block-heading\">Tarifs indicatifs<\/h2>\n<!-- \/wp:heading -->\n\n<!-- wp:paragraph -->\n<p>A4 \u2014 35 \u00e0 70 \u20ac<br>A3 \u2014 80 \u00e0 120\u20ac<br>A3+ \u2014 90 \u00e0 150 \u20ac<br>A2 \u2014 150 \u00e0 280 \u20ac<\/p>\n<!-- \/wp:paragraph -->\n\n<!-- wp:paragraph -->\n<p>Les prix peuvent varier selon le type de papier choisi, la pr\u00e9sence ou non d\u2019une signature, la nature du tirage (ouvert ou en \u00e9dition limit\u00e9e), ainsi que selon les modalit\u00e9s d\u2019exp\u00e9dition.<\/p>\n<!-- \/wp:paragraph -->\n\n<!-- wp:heading -->\n<h2 class=\"wp-block-heading\">D\u00e9lais<\/h2>\n<!-- \/wp:heading -->\n\n<!-- wp:paragraph -->\n<p>Les tirages sont r\u00e9alis\u00e9s \u00e0 la commande.<br>Le d\u00e9lai de production est g\u00e9n\u00e9ralement de 5 \u00e0 10 jours.<\/p>\n<!-- \/wp:paragraph -->\n\n<!-- wp:spacer {\"height\":\"53px\"} -->\n<div style=\"height:53px\" aria-hidden=\"true\" class=\"wp-block-spacer\"><\/div>\n<!-- \/wp:spacer -->\n\n<!-- wp:heading -->\n<h2 class=\"wp-block-heading\">Formulaire de commande<\/h2>\n<!-- \/wp:heading -->\n\n<!-- wp:paragraph -->\n<p>Si vous souhaitez commander un tirage, merci de renseigner les champs ci-dessous en indiquant la r\u00e9f\u00e9rence de la photo, le format d\u00e9sir\u00e9 ainsi que l\u2019option choisie : avec ou sans signature.<\/p>\n<!-- \/wp:paragraph -->\n\n<!-- wp:jetpack\/contact-form {\"customThankyouHeading\":\"Merci pour votre message.\",\"jetpackCRM\":false,\"variationName\":\"default\",\"salesforceData\":{\"organizationId\":\"\",\"sendToSalesforce\":false},\"mailpoet\":{\"listId\":null,\"listName\":null,\"enabledForForm\":false},\"layout\":{\"type\":\"flex\",\"flexWrap\":\"nowrap\",\"orientation\":\"vertical\",\"justifyContent\":\"left\",\"verticalAlignment\":\"top\"}} -->\n<div class=\"wp-block-jetpack-contact-form\"><!-- wp:jetpack\/field-name {\"id\":\"name\",\"required\":true,\"fieldVariant\":\"name\"} -->\n<div><!-- wp:jetpack\/label {\"label\":\"Nom\"} \/-->\n\n<!-- wp:jetpack\/input \/--><\/div>\n<!-- \/wp:jetpack\/field-name -->\n\n<!-- wp:jetpack\/field-email {\"required\":true} -->\n<div><!-- wp:jetpack\/label {\"label\":\"E-mail\"} \/-->\n\n<!-- wp:jetpack\/input \/--><\/div>\n<!-- \/wp:jetpack\/field-email -->\n\n<!-- wp:jetpack\/field-textarea {\"required\":true} -->\n<div><!-- wp:jetpack\/label {\"label\":\"Message\"} \/-->\n\n<!-- wp:jetpack\/input {\"type\":\"textarea\"} \/--><\/div>\n<!-- \/wp:jetpack\/field-textarea -->\n\n<!-- wp:button {\"tagName\":\"button\",\"type\":\"submit\",\"lock\":{\"move\":false,\"remove\":true}} -->\n<div class=\"wp-block-button\"><button type=\"submit\" class=\"wp-block-button__link wp-element-button\">Nous contacter<\/button><\/div>\n<!-- \/wp:button --><\/div>\n<!-- \/wp:jetpack\/contact-form -->\n\n<!-- wp:spacer -->\n<div style=\"height:100px\" aria-hidden=\"true\" class=\"wp-block-spacer\"><\/div>\n<!-- \/wp:spacer -->\n\n<!-- wp:heading -->\n<h2 class=\"wp-block-heading\">Confirmation<\/h2>\n<!-- \/wp:heading -->\n\n<!-- wp:paragraph -->\n<p>Toutes les demandes seront trait\u00e9es individuellement, nous vous r\u00e9pondrons dans les plus bref d\u00e9lais avec le r\u00e9capitulatif de votre commande, le montant total et les modalit\u00e9s de paiement.<\/p>\n<!-- \/wp:paragraph -->\n\n<!-- wp:spacer -->\n<div style=\"height:100px\" aria-hidden=\"true\" class=\"wp-block-spacer\"><\/div>\n<!-- \/wp:spacer -->","_et_gb_content_width":"1920","footnotes":""},"class_list":["post-60639","page","type-page","status-publish","hentry"],"jetpack_sharing_enabled":true,"_links":{"self":[{"href":"https:\/\/posealab.com\/index.php\/wp-json\/wp\/v2\/pages\/60639","targetHints":{"allow":["GET"]}}],"collection":[{"href":"https:\/\/posealab.com\/index.php\/wp-json\/wp\/v2\/pages"}],"about":[{"href":"https:\/\/posealab.com\/index.php\/wp-json\/wp\/v2\/types\/page"}],"author":[{"embeddable":true,"href":"https:\/\/posealab.com\/index.php\/wp-json\/wp\/v2\/users\/1"}],"replies":[{"embeddable":true,"href":"https:\/\/posealab.com\/index.php\/wp-json\/wp\/v2\/comments?post=60639"}],"version-history":[{"count":8,"href":"https:\/\/posealab.com\/index.php\/wp-json\/wp\/v2\/pages\/60639\/revisions"}],"predecessor-version":[{"id":60655,"href":"https:\/\/posealab.com\/index.php\/wp-json\/wp\/v2\/pages\/60639\/revisions\/60655"}],"wp:attachment":[{"href":"https:\/\/posealab.com\/index.php\/wp-json\/wp\/v2\/media?parent=60639"}],"curies":[{"name":"wp","href":"https:\/\/api.w.org\/{rel}","templated":true}]}}